{"id":33690,"date":"2023-11-25T04:26:35","date_gmt":"2023-11-25T09:26:35","guid":{"rendered":"https:\/\/forlunch.pro\/politique-cookies\/"},"modified":"2026-01-16T22:43:27","modified_gmt":"2026-01-17T03:43:27","slug":"politique-cookies","status":"publish","type":"page","link":"https:\/\/forlunch.pro\/fr\/politique-cookies\/","title":{"rendered":"Politique en mati\u00e8re de cookies"},"content":{"rendered":"\t\t<div data-elementor-type=\"wp-page\" data-elementor-id=\"33690\" class=\"elementor elementor-33690 elementor-2508\" data-elementor-post-type=\"page\">\n\t\t\t\t<div class=\"elementor-element elementor-element-1bf7c91 section-hero e-flex e-con-boxed e-con e-parent\" data-id=\"1bf7c91\" data-element_type=\"container\" data-e-type=\"container\" data-settings=\"{&quot;background_background&quot;:&quot;classic&quot;}\">\n\t\t\t\t\t<div class=\"e-con-inner\">\n\t\t<div class=\"elementor-element elementor-element-68c553f e-con-full e-flex e-con e-child\" data-id=\"68c553f\" data-element_type=\"container\" data-e-type=\"container\" data-settings=\"{&quot;background_background&quot;:&quot;classic&quot;}\">\n\t\t<div class=\"elementor-element elementor-element-4a4e907 e-con-full e-flex e-con e-child\" data-id=\"4a4e907\" data-element_type=\"container\" data-e-type=\"container\">\n\t\t<div class=\"elementor-element elementor-element-9f850d7 e-con-full e-flex e-con e-child\" data-id=\"9f850d7\" data-element_type=\"container\" data-e-type=\"container\">\n\t\t\t\t<div class=\"elementor-element elementor-element-e66ec86 elementor-widget elementor-widget-heading\" data-id=\"e66ec86\" data-element_type=\"widget\" data-e-type=\"widget\" data-widget_type=\"heading.default\">\n\t\t\t\t<div class=\"elementor-widget-container\">\n\t\t\t\t\t<div class=\"elementor-heading-title elementor-size-default\">Lisez attentivement<\/div>\t\t\t\t<\/div>\n\t\t\t\t<\/div>\n\t\t\t\t<\/div>\n\t\t\t\t<div class=\"elementor-element elementor-element-37a4349 elementor-widget-mobile__width-inherit elementor-widget-tablet__width-initial elementor-widget elementor-widget-heading\" data-id=\"37a4349\" data-element_type=\"widget\" data-e-type=\"widget\" data-widget_type=\"heading.default\">\n\t\t\t\t<div class=\"elementor-widget-container\">\n\t\t\t\t\t<h1 class=\"elementor-heading-title elementor-size-default\">Politique en mati\u00e8re de cookies<\/h1>\t\t\t\t<\/div>\n\t\t\t\t<\/div>\n\t\t\t\t<div class=\"elementor-element elementor-element-8f6924b elementor-widget elementor-widget-text-editor\" data-id=\"8f6924b\" data-element_type=\"widget\" data-e-type=\"widget\" data-widget_type=\"text-editor.default\">\n\t\t\t\t<div class=\"elementor-widget-container\">\n\t\t\t\t\t\t\t\t\t<p>La pr\u00e9sente politique en mati\u00e8re de cookies explique ce que sont les cookies et comment nous les utilisons. Il serait utile que vous lisiez cette politique pour comprendre ce que sont les cookies, comment nous les utilisons, les types de cookies que nous utilisons, les informations que nous collectons \u00e0 l&rsquo;aide des cookies, comment ces informations sont utilis\u00e9es et comment contr\u00f4ler les pr\u00e9f\u00e9rences en mati\u00e8re de cookies. <\/p>\t\t\t\t\t\t\t\t<\/div>\n\t\t\t\t<\/div>\n\t\t\t\t<\/div>\n\t\t<div class=\"elementor-element elementor-element-a4140c3 e-con-full e-flex e-con e-child\" data-id=\"a4140c3\" data-element_type=\"container\" data-e-type=\"container\">\n\t\t\t\t<div class=\"elementor-element elementor-element-8266af4 elementor-widget elementor-widget-image\" data-id=\"8266af4\" data-element_type=\"widget\" data-e-type=\"widget\" data-widget_type=\"image.default\">\n\t\t\t\t<div class=\"elementor-widget-container\">\n\t\t\t\t\t\t\t\t\t\t\t\t\t\t\t<img fetchpriority=\"high\" decoding=\"async\" width=\"940\" height=\"788\" src=\"https:\/\/forlunch.pro\/wp-content\/uploads\/Cookies-Section-Header.webp\" class=\"attachment-full size-full wp-image-33662\" alt=\"Cookies Section Header\" srcset=\"https:\/\/forlunch.pro\/wp-content\/uploads\/Cookies-Section-Header.webp 940w, https:\/\/forlunch.pro\/wp-content\/uploads\/Cookies-Section-Header-768x644.webp 768w, https:\/\/forlunch.pro\/wp-content\/uploads\/Cookies-Section-Header-600x503.webp 600w\" sizes=\"(max-width: 940px) 100vw, 940px\" title=\"\">\t\t\t\t\t\t\t\t\t\t\t\t\t\t\t<\/div>\n\t\t\t\t<\/div>\n\t\t\t\t<\/div>\n\t\t\t\t<\/div>\n\t\t\t\t<div class=\"elementor-element elementor-element-7695a3a elementor-widget elementor-widget-text-editor\" data-id=\"7695a3a\" data-element_type=\"widget\" data-e-type=\"widget\" data-widget_type=\"text-editor.default\">\n\t\t\t\t<div class=\"elementor-widget-container\">\n\t\t\t\t\t\t\t\t\t<p>Pour plus d&rsquo;informations sur la mani\u00e8re dont nous utilisons, stockons et s\u00e9curisons vos donn\u00e9es, consultez notre <a class=\"wpil_keyword_link\" href=\"https:\/\/forlunch.pro\/fr\/politique-de-confidentialite\/\" title=\"Politique de confidentialit\u00e9\" data-wpil-keyword-link=\"linked\" data-wpil-monitor-id=\"5749\">politique de confidentialit\u00e9<\/a>. Vous pouvez \u00e0 tout moment modifier ou retirer votre consentement de la D\u00e9claration sur les cookies sur notre site web. Votre consentement s&rsquo;applique aux domaines suivants :<a title=\"\u00c0 propos du site web\" href=\"https:\/\/forlunch.pro\/fr\/le-lunch-pro-une-mission-qui-vous-mettra-en-appetit\/\" target=\"_blank\" rel=\"noopener\"> forlunch.pro<\/a> et <a title=\"Notre magasin\" href=\"https:\/\/lunchpro.shop\" target=\"_blank\" rel=\"noopener noreferrer nofollow sponsored\">lunchpro.shop.<span class=\"wpil-link-icon\" title=\"Link goes to external site outside of The Lunch Pro\" style=\"margin: 0 0 0 5px;\"><svg width=\"24\" height=\"24\" style=\"height:14px; width:14px; fill:#ab12f3; stroke:#ab12f3; display:inline-block;\" viewBox=\"0 0 24 24\" version=\"1.1\" xmlns=\"http:\/\/www.w3.org\/2000\/svg\" xmlns:svg=\"http:\/\/www.w3.org\/2000\/svg\"><g id=\"wpil-svg-outbound-4-icon-path\">\r\n                            <g fill-rule=\"evenodd\" id=\"action\" stroke=\"none\" stroke-width=\"1\" transform=\"matrix(0.92307696,0,0,0.92307696,-1.8461539,-1.8461539)\">\r\n                                <g transform=\"translate(-270,-45)\">\r\n                                    <g transform=\"translate(272,47)\">\r\n                                        <path d=\"m 20,22 v 2.008845 C 20,25.108529 19.110326,26 18.008845,26 H 16 v -2 h 2 v -2 z m 0,-2 v -2 h -2 v 2 z m -6,6 h -3 v -2 h 3 z M 9,26 H 6 V 24 H 9 Z M 4,26 H 1.991155 C 0.89147046,26 0,25.110326 0,24.008845 V 22 h 2 v 2 H 4 Z M 0,20 v -3 h 2 v 3 z m 0,-5 v -3 h 2 v 3 z M 0,10 V 7.991155 C 0,6.8914705 0.88967395,6 1.991155,6 H 4 V 8 H 2 v 2 z M 6,6 H 8 V 8 H 6 Z\" \/>\r\n                                        <path d=\"M 24.008845,0 C 25.108529,0 26,0.88967395 26,1.991155 v 16.01769 C 26,19.108529 25.110326,20 24.008845,20 H 7.991155 C 6.8914705,20 6,19.110326 6,18.008845 V 1.991155 C 6,0.89147046 6.8896739,0 7.991155,0 Z M 8,2 H 24 V 18 H 8 Z\" \/>\r\n                                        <path d=\"m 21,12 c 0.552285,0 1,-0.447715 1,-1 V 5 C 22,4.4477152 21.552285,4 21,4 h -6 c -0.552285,0 -1,0.4477152 -1,1 0,0.5522847 0.447715,1 1,1 h 3.580002 l -6.287109,6.292893 c -0.390524,0.390524 -0.390524,1.02369 0,1.414214 0.390524,0.390524 1.02369,0.390524 1.414214,0 L 20,7.4190674 V 11 c 0,0.552285 0.447715,1 1,1 z\" \/>\r\n                                    <\/g>\r\n                                <\/g>\r\n                            <\/g>\r\n                        <\/g><\/svg><\/span><\/a>  <\/p><p>Les cookies sont de petits fichiers texte qui stockent de petits \u00e9l\u00e9ments d&rsquo;information. Les cookies sont stock\u00e9s sur votre appareil lorsque le site web est charg\u00e9 sur votre navigateur. <\/p><p>Ces cookies nous aident \u00e0 fonctionner correctement, \u00e0 rendre le site web plus s\u00fbr, \u00e0 offrir une meilleure exp\u00e9rience \u00e0 l&rsquo;utilisateur, \u00e0 comprendre ses performances et \u00e0 analyser ce qui fonctionne et ce qui doit \u00eatre am\u00e9lior\u00e9. Ils nous permettent de maintenir les sessions des utilisateurs et de pr\u00e9venir toute menace pour la s\u00e9curit\u00e9. Ils ne collectent ni ne stockent aucune information personnelle. Par exemple, ces cookies vous permettent de vous connecter \u00e0 votre compte et d&rsquo;ajouter en toute s\u00e9curit\u00e9 des produits \u00e0 votre panier et de <a class=\"wpil_keyword_link\" title=\"Passer \u00e0 la caisse\" href=\"https:\/\/forlunch.pro\/checkout-2\/\" data-wpil-keyword-link=\"linked\" data-wpil-monitor-id=\"5543\">passer \u00e0 la caisse<\/a>.   <\/p>\t\t\t\t\t\t\t\t<\/div>\n\t\t\t\t<\/div>\n\t\t\t\t\t<\/div>\n\t\t\t\t<\/div>\n\t\t\t\t<\/div>\n\t\t","protected":false},"excerpt":{"rendered":"<p>Lisez attentivement Politique en mati\u00e8re de cookies La pr\u00e9sente politique en mati\u00e8re de cookies explique ce que sont les cookies et comment nous les utilisons. Il serait utile que vous lisiez cette politique pour comprendre ce que sont les cookies, comment nous les utilisons, les types de cookies que nous utilisons, les informations que nous [&hellip;]<\/p>\n","protected":false},"author":2,"featured_media":20810,"parent":0,"menu_order":0,"comment_status":"closed","ping_status":"closed","template":"","meta":{"wprm-recipe-roundup-name":"","wprm-recipe-roundup-description":"","iawp_total_views":7,"footnotes":""},"class_list":["post-33690","page","type-page","status-publish","has-post-thumbnail","hentry"],"_links":{"self":[{"href":"https:\/\/forlunch.pro\/fr\/wp-json\/wp\/v2\/pages\/33690","targetHints":{"allow":["GET"]}}],"collection":[{"href":"https:\/\/forlunch.pro\/fr\/wp-json\/wp\/v2\/pages"}],"about":[{"href":"https:\/\/forlunch.pro\/fr\/wp-json\/wp\/v2\/types\/page"}],"author":[{"embeddable":true,"href":"https:\/\/forlunch.pro\/fr\/wp-json\/wp\/v2\/users\/2"}],"replies":[{"embeddable":true,"href":"https:\/\/forlunch.pro\/fr\/wp-json\/wp\/v2\/comments?post=33690"}],"version-history":[{"count":1,"href":"https:\/\/forlunch.pro\/fr\/wp-json\/wp\/v2\/pages\/33690\/revisions"}],"predecessor-version":[{"id":222934,"href":"https:\/\/forlunch.pro\/fr\/wp-json\/wp\/v2\/pages\/33690\/revisions\/222934"}],"wp:featuredmedia":[{"embeddable":true,"href":"https:\/\/forlunch.pro\/fr\/wp-json\/wp\/v2\/media\/20810"}],"wp:attachment":[{"href":"https:\/\/forlunch.pro\/fr\/wp-json\/wp\/v2\/media?parent=33690"}],"curies":[{"name":"wp","href":"https:\/\/api.w.org\/{rel}","templated":true}]}}