{"id":28696,"date":"2025-03-26T14:24:08","date_gmt":"2025-03-26T18:24:08","guid":{"rendered":"https:\/\/forlunch.pro\/accessibility-statement\/"},"modified":"2026-01-16T22:41:55","modified_gmt":"2026-01-17T03:41:55","slug":"declaration-daccessibilite","status":"publish","type":"page","link":"https:\/\/forlunch.pro\/fr\/declaration-daccessibilite\/","title":{"rendered":"D\u00e9claration d&rsquo;accessibilit\u00e9"},"content":{"rendered":"\t\t<div data-elementor-type=\"wp-page\" data-elementor-id=\"28696\" class=\"elementor elementor-28696 elementor-28693\" data-elementor-post-type=\"page\">\n\t\t\t\t<div class=\"elementor-element elementor-element-97ead0d section-hero e-flex e-con-boxed e-con e-parent\" data-id=\"97ead0d\" data-element_type=\"container\" data-e-type=\"container\" data-settings=\"{&quot;background_background&quot;:&quot;classic&quot;}\">\n\t\t\t\t\t<div class=\"e-con-inner\">\n\t\t<div class=\"elementor-element elementor-element-9669ed1 e-con-full e-flex e-con e-child\" data-id=\"9669ed1\" data-element_type=\"container\" data-e-type=\"container\" data-settings=\"{&quot;background_background&quot;:&quot;classic&quot;}\">\n\t\t<div class=\"elementor-element elementor-element-c3956f8 e-con-full e-flex e-con e-child\" data-id=\"c3956f8\" data-element_type=\"container\" data-e-type=\"container\">\n\t\t<div class=\"elementor-element elementor-element-6fbd567 e-con-full e-flex e-con e-child\" data-id=\"6fbd567\" data-element_type=\"container\" data-e-type=\"container\">\n\t\t\t\t<div class=\"elementor-element elementor-element-9e59d66 elementor-widget elementor-widget-heading\" data-id=\"9e59d66\" data-element_type=\"widget\" data-e-type=\"widget\" data-widget_type=\"heading.default\">\n\t\t\t\t<div class=\"elementor-widget-container\">\n\t\t\t\t\t<div class=\"elementor-heading-title elementor-size-default\">Lisez attentivement<\/div>\t\t\t\t<\/div>\n\t\t\t\t<\/div>\n\t\t\t\t<\/div>\n\t\t\t\t<div class=\"elementor-element elementor-element-992cb4d elementor-widget-mobile__width-inherit elementor-widget-tablet__width-initial elementor-widget elementor-widget-heading\" data-id=\"992cb4d\" data-element_type=\"widget\" data-e-type=\"widget\" data-widget_type=\"heading.default\">\n\t\t\t\t<div class=\"elementor-widget-container\">\n\t\t\t\t\t<h1 class=\"elementor-heading-title elementor-size-default\">D\u00e9claration d'accessibilit\u00e9<\/h1>\t\t\t\t<\/div>\n\t\t\t\t<\/div>\n\t\t\t\t<div class=\"elementor-element elementor-element-2865485 elementor-widget elementor-widget-text-editor\" data-id=\"2865485\" data-element_type=\"widget\" data-e-type=\"widget\" data-widget_type=\"text-editor.default\">\n\t\t\t\t<div class=\"elementor-widget-container\">\n\t\t\t\t\t\t\t\t\t<p>La pr\u00e9sente politique en mati\u00e8re de cookies explique ce que sont les cookies et comment nous les utilisons. Il serait utile que vous lisiez cette politique pour comprendre ce que sont les cookies, comment nous les utilisons, les types de cookies que nous utilisons, les informations que nous collectons \u00e0 l&rsquo;aide des cookies, comment ces informations sont utilis\u00e9es et comment contr\u00f4ler les pr\u00e9f\u00e9rences en mati\u00e8re de cookies. <\/p>\t\t\t\t\t\t\t\t<\/div>\n\t\t\t\t<\/div>\n\t\t\t\t<\/div>\n\t\t<div class=\"elementor-element elementor-element-77519a0 e-con-full e-flex e-con e-child\" data-id=\"77519a0\" data-element_type=\"container\" data-e-type=\"container\">\n\t\t\t\t<div class=\"elementor-element elementor-element-d115ace elementor-widget elementor-widget-image\" data-id=\"d115ace\" data-element_type=\"widget\" data-e-type=\"widget\" data-widget_type=\"image.default\">\n\t\t\t\t<div class=\"elementor-widget-container\">\n\t\t\t\t\t\t\t\t\t\t\t\t\t\t\t<img fetchpriority=\"high\" decoding=\"async\" width=\"940\" height=\"788\" src=\"https:\/\/forlunch.pro\/wp-content\/uploads\/Accessibility-Section-Header.webp\" class=\"attachment-full size-full wp-image-33669\" alt=\"Accessibility Section Header\" srcset=\"https:\/\/forlunch.pro\/wp-content\/uploads\/Accessibility-Section-Header.webp 940w, https:\/\/forlunch.pro\/wp-content\/uploads\/Accessibility-Section-Header-768x644.webp 768w, https:\/\/forlunch.pro\/wp-content\/uploads\/Accessibility-Section-Header-600x503.webp 600w\" sizes=\"(max-width: 940px) 100vw, 940px\" title=\"\">\t\t\t\t\t\t\t\t\t\t\t\t\t\t\t<\/div>\n\t\t\t\t<\/div>\n\t\t\t\t<\/div>\n\t\t\t\t<\/div>\n\t\t\t\t<div class=\"elementor-element elementor-element-d5499c2 section-medium elementor-widget elementor-widget-heading\" data-id=\"d5499c2\" data-element_type=\"widget\" data-e-type=\"widget\" data-widget_type=\"heading.default\">\n\t\t\t\t<div class=\"elementor-widget-container\">\n\t\t\t\t\t<h2 class=\"elementor-heading-title elementor-size-default\">Statut de conformit\u00e9\n<\/h2>\t\t\t\t<\/div>\n\t\t\t\t<\/div>\n\t\t\t\t<div class=\"elementor-element elementor-element-dadb02f elementor-widget elementor-widget-text-editor\" data-id=\"dadb02f\" data-element_type=\"widget\" data-e-type=\"widget\" data-widget_type=\"text-editor.default\">\n\t\t\t\t<div class=\"elementor-widget-container\">\n\t\t\t\t\t\t\t\t\t\n<h6 class=\"wp-block-heading has-text-align-center\">D\u00e9claration d&rsquo;accessibilit\u00e9 pour https:\/\/forlunch.pro<\/h6>\n\n\n\n<p><strong>Le <a class=\"wpil_keyword_link\" href=\"https:\/\/forlunch.pro\/10-best-freezer-packs-for-lunch-bags\/\" title=\"Les 10 meilleurs packs de cong\u00e9lation pour sacs \u00e0 lunch&nbsp;: nos meilleurs choix pour conserver vos repas au frais\" data-wpil-keyword-link=\"linked\" data-wpil-monitor-id=\"5909\">Lunch Pro<\/a><\/strong> s&rsquo;engage \u00e0 garantir l&rsquo;accessibilit\u00e9 num\u00e9rique aux personnes handicap\u00e9es. Nous am\u00e9liorons continuellement l&rsquo;exp\u00e9rience utilisateur pour tous et appliquons les normes d&rsquo;accessibilit\u00e9 pertinentes. <\/p>\n\n\n\n<h6 class=\"wp-block-heading\">Statut de conformit\u00e9<\/h6>\n\n\n\n<p>Les <a href=\"https:\/\/en.wikipedia.org\/wiki\/Web_Content_Accessibility_Guidelines\" target=\"_blank\" rel=\"noreferrer noopener\" data-type=\"link\" data-id=\"https:\/\/en.wikipedia.org\/wiki\/Web_Content_Accessibility_Guidelines\" data-schema-attribute=\"about\">Directives pour l&rsquo;accessibilit\u00e9 aux contenus Web (<span class=\"wpil-link-icon\" title=\"Link goes to external site outside of The Lunch Pro\" style=\"margin: 0 0 0 5px;\"><svg width=\"24\" height=\"24\" style=\"height:14px; width:14px; fill:#ab12f3; stroke:#ab12f3; display:inline-block;\" viewBox=\"0 0 24 24\" version=\"1.1\" xmlns=\"http:\/\/www.w3.org\/2000\/svg\" xmlns:svg=\"http:\/\/www.w3.org\/2000\/svg\"><g id=\"wpil-svg-outbound-4-icon-path\">\r\n                            <g fill-rule=\"evenodd\" id=\"action\" stroke=\"none\" stroke-width=\"1\" transform=\"matrix(0.92307696,0,0,0.92307696,-1.8461539,-1.8461539)\">\r\n                                <g transform=\"translate(-270,-45)\">\r\n                                    <g transform=\"translate(272,47)\">\r\n                                        <path d=\"m 20,22 v 2.008845 C 20,25.108529 19.110326,26 18.008845,26 H 16 v -2 h 2 v -2 z m 0,-2 v -2 h -2 v 2 z m -6,6 h -3 v -2 h 3 z M 9,26 H 6 V 24 H 9 Z M 4,26 H 1.991155 C 0.89147046,26 0,25.110326 0,24.008845 V 22 h 2 v 2 H 4 Z M 0,20 v -3 h 2 v 3 z m 0,-5 v -3 h 2 v 3 z M 0,10 V 7.991155 C 0,6.8914705 0.88967395,6 1.991155,6 H 4 V 8 H 2 v 2 z M 6,6 H 8 V 8 H 6 Z\" \/>\r\n                                        <path d=\"M 24.008845,0 C 25.108529,0 26,0.88967395 26,1.991155 v 16.01769 C 26,19.108529 25.110326,20 24.008845,20 H 7.991155 C 6.8914705,20 6,19.110326 6,18.008845 V 1.991155 C 6,0.89147046 6.8896739,0 7.991155,0 Z M 8,2 H 24 V 18 H 8 Z\" \/>\r\n                                        <path d=\"m 21,12 c 0.552285,0 1,-0.447715 1,-1 V 5 C 22,4.4477152 21.552285,4 21,4 h -6 c -0.552285,0 -1,0.4477152 -1,1 0,0.5522847 0.447715,1 1,1 h 3.580002 l -6.287109,6.292893 c -0.390524,0.390524 -0.390524,1.02369 0,1.414214 0.390524,0.390524 1.02369,0.390524 1.414214,0 L 20,7.4190674 V 11 c 0,0.552285 0.447715,1 1,1 z\" \/>\r\n                                    <\/g>\r\n                                <\/g>\r\n                            <\/g>\r\n                        <\/g><\/svg><\/span><\/a>WCAG) exigent des concepteurs et des d\u00e9veloppeurs qu&rsquo;ils am\u00e9liorent l&rsquo;accessibilit\u00e9 pour les personnes en situation de handicap. Elles d\u00e9finissent trois niveaux de conformit\u00e9 : Niveau A, Niveau AA et Niveau AAA. <\/p>\n\n\n\n<p><strong>The <a class=\"wpil_keyword_link\" title=\"Changez la donne : Pr\u00e9parer votre d\u00e9jeuner pour le travail\" href=\"https:\/\/forlunch.pro\/game-changer-packing-your-lunch-for-work\/\" data-wpil-keyword-link=\"linked\" data-wpil-monitor-id=\"5426\">Lunch Pro<\/a><\/strong> s&rsquo;efforce en permanence d&rsquo;am\u00e9liorer l&rsquo;accessibilit\u00e9 de son site et de ses services. Nous pensons qu&rsquo;il est de notre devoir moral collectif de permettre une utilisation transparente, accessible et sans entrave pour les personnes handicap\u00e9es. <\/p>\n\n\n\n<p>Nous nous effor\u00e7ons de rendre toutes les pages et tous les contenus de <strong>https:\/\/forlunch.pro<\/strong> accessibles, mais certains contenus peuvent ne pas encore r\u00e9pondre pleinement aux normes d&rsquo;accessibilit\u00e9 les plus \u00e9lev\u00e9es. Cela peut \u00eatre d\u00fb \u00e0 des difficult\u00e9s dans l&rsquo;identification de la solution technologique la plus appropri\u00e9e. <\/p>\n\n\n\n<p>Nous pouvons r\u00e9viser p\u00e9riodiquement cette d\u00e9claration pour refl\u00e9ter les am\u00e9liorations ou les changements apport\u00e9s \u00e0 nos pratiques d&rsquo;accessibilit\u00e9.<\/p>\n\n\n\n<h6 class=\"wp-block-heading\">Retour d&rsquo;information<\/h6>\n\n\n\n<p>Nous vous invitons \u00e0 nous faire part de vos commentaires sur l&rsquo;accessibilit\u00e9 du site web <strong><a class=\"wpil_keyword_link\" href=\"https:\/\/forlunch.pro\/easy-to-eat-lunches-for-toddlers\/\" title=\"L&#039;alimentation des tout-petits : 4 d\u00e9jeuners nutritifs et novateurs\" data-wpil-keyword-link=\"linked\" data-wpil-monitor-id=\"5971\">de The Lunch Pro<\/a><\/strong> . N&rsquo;h\u00e9sitez pas \u00e0 nous signaler tout obstacle \u00e0 l&rsquo;accessibilit\u00e9 sur notre site&nbsp;: <\/p>\n\n\n\n<p>Courriel : <strong>store@thelunchchannel.tv<\/strong><\/p>\n\n\n\n<p>Nous nous effor\u00e7ons de r\u00e9pondre aux commentaires dans un d\u00e9lai de 3 \u00e0 5 jours ouvrables.<\/p>\n\n\n\n<p><a href=\"https:\/\/forlunch.pro\/fr\/le-lunch-pro-une-mission-qui-vous-mettra-en-appetit\/\" target=\"_blank\" rel=\"noreferrer noopener\" data-type=\"link\" data-id=\"https:\/\/forlunch.pro\/the-revolutionary-mission-of-the-lunch-pro\/\" data-schema-attribute=\"about\">\u00c0 propos du site Web The Lunch Pro<\/a><\/p>\n\n\n\n<p>Cette d\u00e9claration a \u00e9t\u00e9 cr\u00e9\u00e9e le 26\/3\/2025.<\/p>\n\t\t\t\t\t\t\t\t<\/div>\n\t\t\t\t<\/div>\n\t\t\t\t\t<\/div>\n\t\t\t\t<\/div>\n\t\t\t\t<\/div>\n\t\t","protected":false},"excerpt":{"rendered":"<p>The Lunch Pro s&rsquo;engage \u00e0 garantir l&rsquo;accessibilit\u00e9 num\u00e9rique pour les personnes en situation de handicap. Nous nous effor\u00e7ons constamment d&rsquo;am\u00e9liorer l&rsquo;exp\u00e9rience utilisateur pour tous et d&rsquo;appliquer les normes d&rsquo;accessibilit\u00e9 pertinentes. <\/p>\n","protected":false},"author":2,"featured_media":28699,"parent":0,"menu_order":0,"comment_status":"closed","ping_status":"closed","template":"","meta":{"wprm-recipe-roundup-name":"","wprm-recipe-roundup-description":"","iawp_total_views":6,"footnotes":""},"class_list":["post-28696","page","type-page","status-publish","has-post-thumbnail","hentry"],"_links":{"self":[{"href":"https:\/\/forlunch.pro\/fr\/wp-json\/wp\/v2\/pages\/28696","targetHints":{"allow":["GET"]}}],"collection":[{"href":"https:\/\/forlunch.pro\/fr\/wp-json\/wp\/v2\/pages"}],"about":[{"href":"https:\/\/forlunch.pro\/fr\/wp-json\/wp\/v2\/types\/page"}],"author":[{"embeddable":true,"href":"https:\/\/forlunch.pro\/fr\/wp-json\/wp\/v2\/users\/2"}],"replies":[{"embeddable":true,"href":"https:\/\/forlunch.pro\/fr\/wp-json\/wp\/v2\/comments?post=28696"}],"version-history":[{"count":3,"href":"https:\/\/forlunch.pro\/fr\/wp-json\/wp\/v2\/pages\/28696\/revisions"}],"predecessor-version":[{"id":222927,"href":"https:\/\/forlunch.pro\/fr\/wp-json\/wp\/v2\/pages\/28696\/revisions\/222927"}],"wp:featuredmedia":[{"embeddable":true,"href":"https:\/\/forlunch.pro\/fr\/wp-json\/wp\/v2\/media\/28699"}],"wp:attachment":[{"href":"https:\/\/forlunch.pro\/fr\/wp-json\/wp\/v2\/media?parent=28696"}],"curies":[{"name":"wp","href":"https:\/\/api.w.org\/{rel}","templated":true}]}}