{"id":22584,"date":"2024-06-16T10:11:27","date_gmt":"2024-06-16T14:11:27","guid":{"rendered":"https:\/\/forlunch.pro\/marketing-daffiliation-et-autres-clauses-de-non-responsabilite\/"},"modified":"2026-01-30T23:25:41","modified_gmt":"2026-01-31T04:25:41","slug":"marketing-daffiliation","status":"publish","type":"page","link":"https:\/\/forlunch.pro\/fr\/marketing-daffiliation\/","title":{"rendered":"Marketing d&rsquo;affiliation et autres avertissements"},"content":{"rendered":"\t\t<div data-elementor-type=\"wp-page\" data-elementor-id=\"22584\" class=\"elementor elementor-22584 elementor-11874\" data-elementor-post-type=\"page\">\n\t\t\t\t<div class=\"elementor-element elementor-element-553f70e section-hero e-flex e-con-boxed e-con e-parent\" data-id=\"553f70e\" data-element_type=\"container\" data-e-type=\"container\" data-settings=\"{&quot;background_background&quot;:&quot;classic&quot;}\">\n\t\t\t\t\t<div class=\"e-con-inner\">\n\t\t<div class=\"elementor-element elementor-element-8c867ed e-con-full e-flex e-con e-child\" data-id=\"8c867ed\" data-element_type=\"container\" data-e-type=\"container\" data-settings=\"{&quot;background_background&quot;:&quot;classic&quot;}\">\n\t\t<div class=\"elementor-element elementor-element-e3bb887 e-con-full e-flex e-con e-child\" data-id=\"e3bb887\" data-element_type=\"container\" data-e-type=\"container\">\n\t\t<div class=\"elementor-element elementor-element-9d02e3e e-con-full e-flex e-con e-child\" data-id=\"9d02e3e\" data-element_type=\"container\" data-e-type=\"container\">\n\t\t\t\t<div class=\"elementor-element elementor-element-6c663a2 elementor-widget elementor-widget-heading\" data-id=\"6c663a2\" data-element_type=\"widget\" data-e-type=\"widget\" data-widget_type=\"heading.default\">\n\t\t\t\t<div class=\"elementor-widget-container\">\n\t\t\t\t\t<div class=\"elementor-heading-title elementor-size-default\">Lisez attentivement<\/div>\t\t\t\t<\/div>\n\t\t\t\t<\/div>\n\t\t\t\t<\/div>\n\t\t\t\t<div class=\"elementor-element elementor-element-e341302 elementor-widget-mobile__width-inherit elementor-widget-tablet__width-initial elementor-widget elementor-widget-heading\" data-id=\"e341302\" data-element_type=\"widget\" data-e-type=\"widget\" data-widget_type=\"heading.default\">\n\t\t\t\t<div class=\"elementor-widget-container\">\n\t\t\t\t\t<h1 class=\"elementor-heading-title elementor-size-default\"><span style=\"font-size: 48px\">Marketing d'affiliation et autres avertissements<\/span><\/h1>\t\t\t\t<\/div>\n\t\t\t\t<\/div>\n\t\t\t\t<div class=\"elementor-element elementor-element-ecca8d2 elementor-widget elementor-widget-text-editor\" data-id=\"ecca8d2\" data-element_type=\"widget\" data-e-type=\"widget\" data-widget_type=\"text-editor.default\">\n\t\t\t\t<div class=\"elementor-widget-container\">\n\t\t\t\t\t\t\t\t\t<p>Les informations fournies par The Lunch Pro (&lsquo;nous&rsquo;, &lsquo;notre&rsquo; ou &lsquo;nos&rsquo;) sur https:\/\/forlunch.pro (le &lsquo;Site&rsquo;) sont uniquement \u00e0 des fins d&rsquo;information g\u00e9n\u00e9rale. Toutes les informations sur le Site sont fournies de bonne foi. Cependant, nous ne faisons aucune repr\u00e9sentation ou garantie d&rsquo;aucune sorte, expresse ou implicite, concernant l&rsquo;exactitude, l&rsquo;ad\u00e9quation, la validit\u00e9, la fiabilit\u00e9, la disponibilit\u00e9 ou l&rsquo;exhaustivit\u00e9 de toute information sur le Site. EN AUCUN CAS NOUS NE SERONS RESPONSABLES ENVERS VOUS POUR TOUTE PERTE OU DOMMAGE DE QUELQUE NATURE QUE CE SOIT ENCOURU EN RAISON DE L&rsquo;UTILISATION DU SITE OU DE LA CONFIANCE ACCORD\u00c9E \u00c0 TOUTE INFORMATION FOURNIE SUR LE SITE. VOTRE UTILISATION DU SITE ET VOTRE CONFIANCE EN TOUTE INFORMATION SUR LE SITE SONT ENTI\u00c8REMENT \u00c0 VOS PROPRES RISQUES.<\/p>\n<div id=\"lunchchannel63c0379070fea2049ad19acc7d8852a1\" class=\"lunchchannel63c0379070fea2049ad19acc7d8852a1 lunchchanneltest-placement-from-wizard-1627493513\"> <\/div>\t\t\t\t\t\t\t\t<\/div>\n\t\t\t\t<\/div>\n\t\t\t\t<\/div>\n\t\t<div class=\"elementor-element elementor-element-b825cda e-con-full e-flex e-con e-child\" data-id=\"b825cda\" data-element_type=\"container\" data-e-type=\"container\">\n\t\t\t\t<div class=\"elementor-element elementor-element-c2a9b32 elementor-widget elementor-widget-image\" data-id=\"c2a9b32\" data-element_type=\"widget\" data-e-type=\"widget\" data-widget_type=\"image.default\">\n\t\t\t\t<div class=\"elementor-widget-container\">\n\t\t\t\t\t\t\t\t\t\t\t\t\t\t\t<img fetchpriority=\"high\" decoding=\"async\" width=\"940\" height=\"788\" src=\"https:\/\/forlunch.pro\/wp-content\/uploads\/Disclaimer-Section-Header.webp\" class=\"attachment-full size-full wp-image-33651\" alt=\"Disclaimer Section Header\" srcset=\"https:\/\/forlunch.pro\/wp-content\/uploads\/Disclaimer-Section-Header.webp 940w, https:\/\/forlunch.pro\/wp-content\/uploads\/Disclaimer-Section-Header-768x644.webp 768w, https:\/\/forlunch.pro\/wp-content\/uploads\/Disclaimer-Section-Header-600x503.webp 600w\" sizes=\"(max-width: 940px) 100vw, 940px\" title=\"\">\t\t\t\t\t\t\t\t\t\t\t\t\t\t\t<\/div>\n\t\t\t\t<\/div>\n\t\t\t\t<\/div>\n\t\t\t\t<\/div>\n\t\t\t\t<div class=\"elementor-element elementor-element-72a2b8e elementor-widget elementor-widget-heading\" data-id=\"72a2b8e\" data-element_type=\"widget\" data-e-type=\"widget\" data-widget_type=\"heading.default\">\n\t\t\t\t<div class=\"elementor-widget-container\">\n\t\t\t\t\t<h2 class=\"elementor-heading-title elementor-size-default\">Liens externes Disclaimer<\/h2>\t\t\t\t<\/div>\n\t\t\t\t<\/div>\n\t\t\t\t<div class=\"elementor-element elementor-element-cf90da3 elementor-widget elementor-widget-text-editor\" data-id=\"cf90da3\" data-element_type=\"widget\" data-e-type=\"widget\" data-widget_type=\"text-editor.default\">\n\t\t\t\t<div class=\"elementor-widget-container\">\n\t\t\t\t\t\t\t\t\t<p>Le Site peut contenir (ou vous pouvez \u00eatre dirig\u00e9 via le Site vers) des liens vers d&rsquo;autres sites web ou contenus appartenant \u00e0 ou provenant de tiers ou des liens vers des sites web et des fonctionnalit\u00e9s dans des banni\u00e8res ou d&rsquo;autres publicit\u00e9s. Ces liens externes ne sont pas examin\u00e9s, surveill\u00e9s ou v\u00e9rifi\u00e9s pour leur exactitude, ad\u00e9quation, validit\u00e9, fiabilit\u00e9, disponibilit\u00e9 ou exhaustivit\u00e9 par nous. NOUS NE GARANTISSONS PAS, N&rsquo;APPROUVONS PAS, NE GARANTISSONS PAS OU N&rsquo;ASSUMONS PAS LA RESPONSABILIT\u00c9 DE L&rsquo;EXACTITUDE OU DE LA FIABILIT\u00c9 DE TOUTE INFORMATION OFFERTE PAR LES SITES WEB DE TIERS LI\u00c9S VIA LE SITE OU TOUT SITE WEB OU FONCTIONNALIT\u00c9 LI\u00c9S DANS TOUTE BANNI\u00c8RE OU AUTRE PUBLICIT\u00c9. NOUS NE SERONS PAS PARTIE OU EN AUCUNE FA\u00c7ON RESPONSABLES DE LA SURVEILLANCE DE TOUTE TRANSACTION ENTRE VOUS ET DES FOURNISSEURS TIERS DE PRODUITS OU SERVICES.<\/p>\t\t\t\t\t\t\t\t<\/div>\n\t\t\t\t<\/div>\n\t\t\t\t<div class=\"elementor-element elementor-element-ca602b9 elementor-widget elementor-widget-heading\" data-id=\"ca602b9\" data-element_type=\"widget\" data-e-type=\"widget\" data-widget_type=\"heading.default\">\n\t\t\t\t<div class=\"elementor-widget-container\">\n\t\t\t\t\t<h2 class=\"elementor-heading-title elementor-size-default\">Affili\u00e9s Discalimer<\/h2>\t\t\t\t<\/div>\n\t\t\t\t<\/div>\n\t\t\t\t<div class=\"elementor-element elementor-element-80174a5 elementor-widget elementor-widget-text-editor\" data-id=\"80174a5\" data-element_type=\"widget\" data-e-type=\"widget\" data-widget_type=\"text-editor.default\">\n\t\t\t\t<div class=\"elementor-widget-container\">\n\t\t\t\t\t\t\t\t\t<p>Le Site peut contenir des liens vers des sites web affili\u00e9s, et nous recevons une commission d&rsquo;affiliation pour tout achat que vous effectuez sur le site web affili\u00e9 en utilisant ces liens. Nos affili\u00e9s comprennent les suivants :<\/p>\n<ul class=\"wp-block-list\">\n<li>CJ Affiliate by Conversant<\/li>\n<\/ul>\n<ul class=\"wp-block-list\">\n<li>Awin (Affiliate Window)<\/li>\n<\/ul>\n<ul class=\"wp-block-list\">\n<li>Rakuten Affiliate Network<\/li>\n<\/ul>\n<ul class=\"wp-block-list\">\n<li>Clickbank<\/li>\n<\/ul>\n<p>Nous participons au programme Amazon Services LLC Associates, un programme de publicit\u00e9 affili\u00e9e con\u00e7u pour nous permettre de gagner des commissions publicitaires en \u00e9tablissant des liens avec Amazon <span style=\"color: var( --e-global-color-text ); font-family: var( --e-global-typography-text-font-family ), Sans-serif; font-size: var( --e-global-typography-text-font-size ); font-style: var( --e-global-typography-text-font-style ); font-weight: var( --e-global-typography-text-font-weight ); text-align: var(--text-align); text-transform: var( --e-global-typography-text-text-transform ); background-color: var( --e-global-color-9d6aead );\">et des sites web affili\u00e9s.<\/span><\/p>\t\t\t\t\t\t\t\t<\/div>\n\t\t\t\t<\/div>\n\t\t\t\t<div class=\"elementor-element elementor-element-f865ec4 elementor-widget elementor-widget-heading\" data-id=\"f865ec4\" data-element_type=\"widget\" data-e-type=\"widget\" data-widget_type=\"heading.default\">\n\t\t\t\t<div class=\"elementor-widget-container\">\n\t\t\t\t\t<h2 class=\"elementor-heading-title elementor-size-default\">Avis de non-responsabilit\u00e9 pour les commandes internationales<\/h2>\t\t\t\t<\/div>\n\t\t\t\t<\/div>\n\t\t\t\t<div class=\"elementor-element elementor-element-51248a2 elementor-widget elementor-widget-text-editor\" data-id=\"51248a2\" data-element_type=\"widget\" data-e-type=\"widget\" data-widget_type=\"text-editor.default\">\n\t\t\t\t<div class=\"elementor-widget-container\">\n\t\t\t\t\t\t\t\t\t<p>Devrai-je payer des taxes suppl\u00e9mentaires sur ma commande si je suis en dehors des \u00c9tats-Unis ?<\/p>\n<p>Les commandes internationales peuvent \u00eatre soumises \u00e0 des taxes d&rsquo;importation, des droits de douane et d&rsquo;autres frais douaniers. Ces frais varient selon les pays ; nous ne pouvons pas les calculer \u00e0 l&rsquo;avance pour le moment. N&rsquo;h\u00e9sitez pas \u00e0 contacter votre bureau de douane local pour plus d&rsquo;informations sur les politiques douani\u00e8res de votre pays. Si de tels frais sont impos\u00e9s sur votre colis, vous \u00eates responsable de leur paiement.<\/p>\n<p>Si vous avez des questions ou avez besoin de plus de pr\u00e9cisions concernant notre <a href=\"https:\/\/forlunch.pro\/refunds-and-return-policy\/\" rel=\"noreferrer noopener\" data-type=\"link\" data-id=\"https:\/\/forlunch.pro\/refunds-and-return-policy\/\" data-schema-attribute=\"about\">Politique de retours et de remboursements<\/a>, veuillez nous contacter \u00e0 <a>store@thelunchchannel.tv<\/a> avant d&rsquo;effectuer un achat.<\/p>\t\t\t\t\t\t\t\t<\/div>\n\t\t\t\t<\/div>\n\t\t\t\t<div class=\"elementor-element elementor-element-3cd2456 elementor-widget elementor-widget-heading\" data-id=\"3cd2456\" data-element_type=\"widget\" data-e-type=\"widget\" data-widget_type=\"heading.default\">\n\t\t\t\t<div class=\"elementor-widget-container\">\n\t\t\t\t\t<h2 class=\"elementor-heading-title elementor-size-default\">T\u00e9moignages Clause de non-responsabilit\u00e9<\/h2>\t\t\t\t<\/div>\n\t\t\t\t<\/div>\n\t\t\t\t<div class=\"elementor-element elementor-element-f4db9ec elementor-widget elementor-widget-text-editor\" data-id=\"f4db9ec\" data-element_type=\"widget\" data-e-type=\"widget\" data-widget_type=\"text-editor.default\">\n\t\t\t\t<div class=\"elementor-widget-container\">\n\t\t\t\t\t\t\t\t\t<p>Le Site peut contenir des t\u00e9moignages d&rsquo;utilisateurs de nos produits et\/ou services. Ces t\u00e9moignages refl\u00e8tent les exp\u00e9riences et opinions r\u00e9elles de ces utilisateurs. Cependant, les exp\u00e9riences sont personnelles \u00e0 ces utilisateurs et peuvent ne pas repr\u00e9senter tous les utilisateurs de nos produits et\/ou services. Nous ne pr\u00e9tendons pas, et vous ne devriez pas supposer, que tous les utilisateurs auront les m\u00eames exp\u00e9riences. VOS R\u00c9SULTATS PEUVENT VARIER.<\/p>\n<p>Les t\u00e9moignages sur le Site sont soumis sous diverses formes, telles que texte, audio et\/ou vid\u00e9o, et nous les examinons avant de les publier. Ils apparaissent sur le Site textuellement tels que donn\u00e9s par les utilisateurs, \u00e0 l&rsquo;exception de la correction des erreurs grammaticales ou de frappe. Certains t\u00e9moignages peuvent avoir \u00e9t\u00e9 raccourcis par souci de concision, alors que le t\u00e9moignage complet contenait des informations superflues non pertinentes pour le grand public.<\/p>\n<p>Les points de vue et opinions contenus dans les t\u00e9moignages appartiennent uniquement \u00e0 l&rsquo;utilisateur individuel et ne refl\u00e8tent pas nos points de vue et opinions. Nous ne sommes pas affili\u00e9s aux utilisateurs qui fournissent des t\u00e9moignages ; les utilisateurs ne sont pas pay\u00e9s ni r\u00e9mun\u00e9r\u00e9s pour leurs t\u00e9moignages.<\/p>\t\t\t\t\t\t\t\t<\/div>\n\t\t\t\t<\/div>\n\t\t\t\t\t<\/div>\n\t\t\t\t<\/div>\n\t\t\t\t<\/div>\n\t\t","protected":false},"excerpt":{"rendered":"<p>Ces avertissements s&rsquo;appliquent au site web The Lunch Pro et \u00e0 tous les liens externes ou recommandations<\/p>\n","protected":false},"author":2,"featured_media":21208,"parent":0,"menu_order":0,"comment_status":"closed","ping_status":"closed","template":"","meta":{"wprm-recipe-roundup-name":"","wprm-recipe-roundup-description":"","iawp_total_views":14,"footnotes":""},"class_list":["post-22584","page","type-page","status-publish","has-post-thumbnail","hentry"],"_links":{"self":[{"href":"https:\/\/forlunch.pro\/fr\/wp-json\/wp\/v2\/pages\/22584","targetHints":{"allow":["GET"]}}],"collection":[{"href":"https:\/\/forlunch.pro\/fr\/wp-json\/wp\/v2\/pages"}],"about":[{"href":"https:\/\/forlunch.pro\/fr\/wp-json\/wp\/v2\/types\/page"}],"author":[{"embeddable":true,"href":"https:\/\/forlunch.pro\/fr\/wp-json\/wp\/v2\/users\/2"}],"replies":[{"embeddable":true,"href":"https:\/\/forlunch.pro\/fr\/wp-json\/wp\/v2\/comments?post=22584"}],"version-history":[{"count":3,"href":"https:\/\/forlunch.pro\/fr\/wp-json\/wp\/v2\/pages\/22584\/revisions"}],"predecessor-version":[{"id":254973,"href":"https:\/\/forlunch.pro\/fr\/wp-json\/wp\/v2\/pages\/22584\/revisions\/254973"}],"wp:featuredmedia":[{"embeddable":true,"href":"https:\/\/forlunch.pro\/fr\/wp-json\/wp\/v2\/media\/21208"}],"wp:attachment":[{"href":"https:\/\/forlunch.pro\/fr\/wp-json\/wp\/v2\/media?parent=22584"}],"curies":[{"name":"wp","href":"https:\/\/api.w.org\/{rel}","templated":true}]}}