{"id":213348,"date":"2026-01-12T12:25:37","date_gmt":"2026-01-12T17:25:37","guid":{"rendered":"https:\/\/forlunch.pro\/?page_id=213348"},"modified":"2026-01-16T22:44:38","modified_gmt":"2026-01-17T03:44:38","slug":"a-propos-du-pro-du-dejeuner","status":"publish","type":"page","link":"https:\/\/forlunch.pro\/fr\/a-propos-du-pro-du-dejeuner\/","title":{"rendered":"La Solution au Milieu de Votre Quotidien"},"content":{"rendered":"\t\t<div data-elementor-type=\"wp-page\" data-elementor-id=\"213348\" class=\"elementor elementor-213348 elementor-213290\" data-elementor-post-type=\"page\">\n\t\t\t\t<div class=\"elementor-element elementor-element-0eae2e2 e-flex e-con-boxed e-con e-parent\" data-id=\"0eae2e2\" data-element_type=\"container\" data-e-type=\"container\" data-settings=\"{&quot;background_background&quot;:&quot;classic&quot;}\">\n\t\t\t\t\t<div class=\"e-con-inner\">\n\t\t\t\t<div class=\"elementor-element elementor-element-cb85ee8 elementor-widget elementor-widget-heading\" data-id=\"cb85ee8\" data-element_type=\"widget\" data-e-type=\"widget\" data-widget_type=\"heading.default\">\n\t\t\t\t<div class=\"elementor-widget-container\">\n\t\t\t\t\t<h1 class=\"elementor-heading-title elementor-size-default\">La Solution au Milieu de Votre Quotidien<\/h1>\t\t\t\t<\/div>\n\t\t\t\t<\/div>\n\t\t\t\t\t<\/div>\n\t\t\t\t<\/div>\n\t\t<div class=\"elementor-element elementor-element-1a10701 e-flex e-con-boxed e-con e-parent\" data-id=\"1a10701\" data-element_type=\"container\" data-e-type=\"container\" data-settings=\"{&quot;background_background&quot;:&quot;classic&quot;}\">\n\t\t\t\t\t<div class=\"e-con-inner\">\n\t\t<div class=\"elementor-element elementor-element-7fbeceb e-con-full e-flex elementor-invisible e-con e-child\" data-id=\"7fbeceb\" data-element_type=\"container\" data-e-type=\"container\" data-settings=\"{&quot;animation&quot;:&quot;fadeInLeft&quot;}\">\n\t\t\t\t<div class=\"elementor-element elementor-element-5f18c9d elementor-widget elementor-widget-image\" data-id=\"5f18c9d\" data-element_type=\"widget\" data-e-type=\"widget\" data-widget_type=\"image.default\">\n\t\t\t\t<div class=\"elementor-widget-container\">\n\t\t\t\t\t\t\t\t\t\t\t\t\t\t\t<img fetchpriority=\"high\" decoding=\"async\" width=\"1200\" height=\"832\" src=\"https:\/\/forlunch.pro\/wp-content\/uploads\/Man-resembling-Jon-Simon-and-the-Lunch-Pro-Model-Woman-Enjoying-Lunch-Together-1.webp\" class=\"attachment-full size-full wp-image-213239\" alt=\"Un homme ressemblant \u00e0 Jon Simon et la mannequin du Pro du D\u00e9jeuner profitant d&#039;un d\u00e9jeuner ensemble.\" srcset=\"https:\/\/forlunch.pro\/wp-content\/uploads\/Man-resembling-Jon-Simon-and-the-Lunch-Pro-Model-Woman-Enjoying-Lunch-Together-1.webp 1200w, https:\/\/forlunch.pro\/wp-content\/uploads\/Man-resembling-Jon-Simon-and-the-Lunch-Pro-Model-Woman-Enjoying-Lunch-Together-1-768x532.webp 768w, https:\/\/forlunch.pro\/wp-content\/uploads\/Man-resembling-Jon-Simon-and-the-Lunch-Pro-Model-Woman-Enjoying-Lunch-Together-1-600x416.webp 600w\" sizes=\"(max-width: 1200px) 100vw, 1200px\" title=\"\">\t\t\t\t\t\t\t\t\t\t\t\t\t\t\t<\/div>\n\t\t\t\t<\/div>\n\t\t\t\t<div class=\"elementor-element elementor-element-82d5fa4 elementor-absolute e-transform e-transform elementor-view-default elementor-widget elementor-widget-icon\" data-id=\"82d5fa4\" data-element_type=\"widget\" data-e-type=\"widget\" data-settings=\"{&quot;_position&quot;:&quot;absolute&quot;,&quot;_transform_rotateZ_effect&quot;:{&quot;unit&quot;:&quot;px&quot;,&quot;size&quot;:-45,&quot;sizes&quot;:[]},&quot;_transform_rotateZ_effect_hover&quot;:{&quot;unit&quot;:&quot;px&quot;,&quot;size&quot;:0,&quot;sizes&quot;:[]},&quot;_transform_rotateZ_effect_tablet&quot;:{&quot;unit&quot;:&quot;deg&quot;,&quot;size&quot;:&quot;&quot;,&quot;sizes&quot;:[]},&quot;_transform_rotateZ_effect_mobile&quot;:{&quot;unit&quot;:&quot;deg&quot;,&quot;size&quot;:&quot;&quot;,&quot;sizes&quot;:[]},&quot;_transform_rotateZ_effect_hover_tablet&quot;:{&quot;unit&quot;:&quot;deg&quot;,&quot;size&quot;:&quot;&quot;,&quot;sizes&quot;:[]},&quot;_transform_rotateZ_effect_hover_mobile&quot;:{&quot;unit&quot;:&quot;deg&quot;,&quot;size&quot;:&quot;&quot;,&quot;sizes&quot;:[]}}\" data-widget_type=\"icon.default\">\n\t\t\t\t<div class=\"elementor-widget-container\">\n\t\t\t\t\t\t\t<div class=\"elementor-icon-wrapper\">\n\t\t\t<a class=\"elementor-icon\" href=\"#\">\n\t\t\t<svg aria-hidden=\"true\" class=\"e-font-icon-svg e-fas-blender\" viewBox=\"0 0 512 512\" xmlns=\"http:\/\/www.w3.org\/2000\/svg\"><path d=\"M416 384H160c-35.35 0-64 28.65-64 64v32c0 17.67 14.33 32 32 32h320c17.67 0 32-14.33 32-32v-32c0-35.35-28.65-64-64-64zm-128 96c-17.67 0-32-14.33-32-32s14.33-32 32-32 32 14.33 32 32-14.33 32-32 32zm40-416h166.54L512 0H48C21.49 0 0 21.49 0 48v160c0 26.51 21.49 48 48 48h103.27l8.73 96h256l17.46-64H328c-4.42 0-8-3.58-8-8v-16c0-4.42 3.58-8 8-8h114.18l17.46-64H328c-4.42 0-8-3.58-8-8v-16c0-4.42 3.58-8 8-8h140.36l17.46-64H328c-4.42 0-8-3.58-8-8V72c0-4.42 3.58-8 8-8zM64 192V64h69.82l11.64 128H64z\"><\/path><\/svg>\t\t\t<\/a>\n\t\t<\/div>\n\t\t\t\t\t\t<\/div>\n\t\t\t\t<\/div>\n\t\t\t\t<\/div>\n\t\t<div class=\"elementor-element elementor-element-0c4f5f8 e-con-full e-flex elementor-invisible e-con e-child\" data-id=\"0c4f5f8\" data-element_type=\"container\" data-e-type=\"container\" data-settings=\"{&quot;animation&quot;:&quot;fadeInRight&quot;}\">\n\t\t\t\t<div class=\"elementor-element elementor-element-9c6f998 elementor-widget elementor-widget-heading\" data-id=\"9c6f998\" data-element_type=\"widget\" data-e-type=\"widget\" data-widget_type=\"heading.default\">\n\t\t\t\t<div class=\"elementor-widget-container\">\n\t\t\t\t\t<h6 class=\"elementor-heading-title elementor-size-default\">Le D\u00e9but de l'Aventure<\/h6>\t\t\t\t<\/div>\n\t\t\t\t<\/div>\n\t\t\t\t<div class=\"elementor-element elementor-element-420a412 elementor-widget elementor-widget-text-editor\" data-id=\"420a412\" data-element_type=\"widget\" data-e-type=\"widget\" data-widget_type=\"text-editor.default\">\n\t\t\t\t<div class=\"elementor-widget-container\">\n\t\t\t\t\t\t\t\t\t<p>Vous souvenez-vous des d\u00e9jeuners avant mars 2020 ? C&rsquo;\u00e9tait l&rsquo;occasion de d\u00e9couvrir des restos pr\u00e8s du bureau ou de partager un repas avec des coll\u00e8gues \u00e0 la caf\u00e9t\u00e9ria. Puis, le monde a chang\u00e9. Comme beaucoup d&rsquo;entre vous, j&rsquo;ai \u00e9chang\u00e9 les discussions de bureau contre des appels Zoom et le t\u00e9l\u00e9travail \u00e0 temps plein.   <\/p>\t\t\t\t\t\t\t\t<\/div>\n\t\t\t\t<\/div>\n\t\t\t\t<div class=\"elementor-element elementor-element-6f2ebb0 elementor-widget elementor-widget-text-editor\" data-id=\"6f2ebb0\" data-element_type=\"widget\" data-e-type=\"widget\" data-widget_type=\"text-editor.default\">\n\t\t\t\t<div class=\"elementor-widget-container\">\n\t\t\t\t\t\t\t\t\t<p>Soudainement, le d\u00eener semblait un peu solitaire. J&rsquo;ai r\u00e9alis\u00e9 que je ne pouvais pas \u00eatre le seul \u00e0 qui cette connexion manquait. En juillet 2020, j&rsquo;ai lanc\u00e9 ce site pour mettre un peu de piquant dans mon quotidien. Ce qui n&rsquo;\u00e9tait au d\u00e9part qu&rsquo;un petit accompagnement de recettes est devenu un repas complet rempli d&rsquo;histoires et de conseils de gestion.   <\/p>\t\t\t\t\t\t\t\t<\/div>\n\t\t\t\t<\/div>\n\t\t\t\t<\/div>\n\t\t\t\t\t<\/div>\n\t\t\t\t<\/div>\n\t\t<div class=\"elementor-element elementor-element-4203189 e-flex e-con-boxed e-con e-parent\" data-id=\"4203189\" data-element_type=\"container\" data-e-type=\"container\" data-settings=\"{&quot;background_background&quot;:&quot;classic&quot;}\">\n\t\t\t\t\t<div class=\"e-con-inner\">\n\t\t<div class=\"elementor-element elementor-element-c63ea87 e-con-full e-flex elementor-invisible e-con e-child\" data-id=\"c63ea87\" data-element_type=\"container\" data-e-type=\"container\" data-settings=\"{&quot;animation&quot;:&quot;fadeInLeft&quot;}\">\n\t\t\t\t<div class=\"elementor-element elementor-element-a8ca706 elementor-widget elementor-widget-heading\" data-id=\"a8ca706\" data-element_type=\"widget\" data-e-type=\"widget\" data-widget_type=\"heading.default\">\n\t\t\t\t<div class=\"elementor-widget-container\">\n\t\t\t\t\t<h6 class=\"elementor-heading-title elementor-size-default\">Le Go\u00fbt de la Nostalgie<\/h6>\t\t\t\t<\/div>\n\t\t\t\t<\/div>\n\t\t\t\t<div class=\"elementor-element elementor-element-2f82b47 elementor-widget elementor-widget-text-editor\" data-id=\"2f82b47\" data-element_type=\"widget\" data-e-type=\"widget\" data-widget_type=\"text-editor.default\">\n\t\t\t\t<div class=\"elementor-widget-container\">\n\t\t\t\t\t\t\t\t\t<p>Pour moi, le d\u00e9jeuner a toujours \u00e9t\u00e9 une histoire de communaut\u00e9. En grandissant \u00e0 Chomedey, Laval, les samedis \u00e9taient sacr\u00e9s. Avec mon ami Stephen, on allait voir un film au Loew\u2019s avant de se r\u00e9galer dans les classiques : le comptoir du Woolworth\u2019s ou notre pr\u00e9f\u00e9r\u00e9, le Restaurant Murray\u2019s.  <\/p>\t\t\t\t\t\t\t\t<\/div>\n\t\t\t\t<\/div>\n\t\t\t\t<div class=\"elementor-element elementor-element-b48f984 elementor-widget elementor-widget-text-editor\" data-id=\"b48f984\" data-element_type=\"widget\" data-e-type=\"widget\" data-widget_type=\"text-editor.default\">\n\t\t\t\t<div class=\"elementor-widget-container\">\n\t\t\t\t\t\t\t\t\t<p>C&rsquo;est cette nostalgie qui guide <b data-path-to-node=\"9\" data-index-in-node=\"22\">Le Pro du D\u00e9jeuner<\/b> aujourd&rsquo;hui Je veux ramener ce bonheur du \u00ab diner \u00bb dans votre propre cuisine.<\/p>\t\t\t\t\t\t\t\t<\/div>\n\t\t\t\t<\/div>\n\t\t\t\t<\/div>\n\t\t<div class=\"elementor-element elementor-element-c041475 e-con-full e-flex elementor-invisible e-con e-child\" data-id=\"c041475\" data-element_type=\"container\" data-e-type=\"container\" data-settings=\"{&quot;animation&quot;:&quot;fadeInLeft&quot;}\">\n\t\t\t\t<div class=\"elementor-element elementor-element-e4d85bd elementor-widget elementor-widget-heading\" data-id=\"e4d85bd\" data-element_type=\"widget\" data-e-type=\"widget\" data-widget_type=\"heading.default\">\n\t\t\t\t<div class=\"elementor-widget-container\">\n\t\t\t\t\t<h6 class=\"elementor-heading-title elementor-size-default\">Pour Qui Je Suis Ici<\/h6>\t\t\t\t<\/div>\n\t\t\t\t<\/div>\n\t\t\t\t<div class=\"elementor-element elementor-element-b2a98af elementor-widget elementor-widget-text-editor\" data-id=\"b2a98af\" data-element_type=\"widget\" data-e-type=\"widget\" data-widget_type=\"text-editor.default\">\n\t\t\t\t<div class=\"elementor-widget-container\">\n\t\t\t\t\t\t\t\t\t<p>Le d\u00e9jeuner n&rsquo;est pas le m\u00eame pour tout le monde. J&rsquo;ai cr\u00e9\u00e9 ce site pour aider trois types de personnes : <\/p>\t\t\t\t\t\t\t\t<\/div>\n\t\t\t\t<\/div>\n\t\t\t\t<div class=\"elementor-element elementor-element-7c0487a elementor-widget elementor-widget-text-editor\" data-id=\"7c0487a\" data-element_type=\"widget\" data-e-type=\"widget\" data-widget_type=\"text-editor.default\">\n\t\t\t\t<div class=\"elementor-widget-container\">\n\t\t\t\t\t\t\t\t\t<ul>\n<li><b data-path-to-node=\"11,0,0\" data-index-in-node=\"0\">Le Pro du Bureau<\/b> : Vous avez besoin de repas rapides et d&rsquo;id\u00e9es pour les d\u00e9jeuners d&rsquo;\u00e9quipe afin de rester \u00e9nergique entre deux r\u00e9unions.<\/li>\n<li>\n<p data-path-to-node=\"11,1,0\"><b data-path-to-node=\"11,1,0\" data-index-in-node=\"0\">Le T\u00e9l\u00e9travailleu<\/b>r : Vous cherchez des astuces simples pour cuisiner \u00e0 la maison et des moments de pleine conscience pour rafra\u00eechir votre routine sans sortir.<\/p>\n<\/li>\n<li>\n<p data-path-to-node=\"11,2,0\"><b data-path-to-node=\"11,2,0\" data-index-in-node=\"0\">Le Mangeur Social<\/b> : Vous voulez des recettes qui plaisent \u00e0 tout le monde pour les soupers de famille, les pique-niques et les repas-partage.<\/p>\n<\/li>\n<\/ul>\t\t\t\t\t\t\t\t<\/div>\n\t\t\t\t<\/div>\n\t\t\t\t<\/div>\n\t\t\t\t\t<\/div>\n\t\t\t\t<\/div>\n\t\t<div class=\"elementor-element elementor-element-4cf679d e-flex e-con-boxed e-con e-parent\" data-id=\"4cf679d\" data-element_type=\"container\" data-e-type=\"container\" data-settings=\"{&quot;background_background&quot;:&quot;classic&quot;}\">\n\t\t\t\t\t<div class=\"e-con-inner\">\n\t\t\t\t<div class=\"elementor-element elementor-element-616cf1e elementor-widget elementor-widget-heading\" data-id=\"616cf1e\" data-element_type=\"widget\" data-e-type=\"widget\" data-widget_type=\"heading.default\">\n\t\t\t\t<div class=\"elementor-widget-container\">\n\t\t\t\t\t<h2 class=\"elementor-heading-title elementor-size-default\">Ce Que Vous Trouverez Ici<\/h2>\t\t\t\t<\/div>\n\t\t\t\t<\/div>\n\t\t\t\t\t<\/div>\n\t\t\t\t<\/div>\n\t\t<div class=\"elementor-element elementor-element-d965094 e-flex e-con-boxed e-con e-parent\" data-id=\"d965094\" data-element_type=\"container\" data-e-type=\"container\" data-settings=\"{&quot;background_background&quot;:&quot;classic&quot;}\">\n\t\t\t\t\t<div class=\"e-con-inner\">\n\t\t<div class=\"elementor-element elementor-element-6dc00de e-con-full e-flex elementor-invisible e-con e-child\" data-id=\"6dc00de\" data-element_type=\"container\" data-e-type=\"container\" data-settings=\"{&quot;animation&quot;:&quot;fadeInLeft&quot;}\">\n\t\t\t\t<div class=\"elementor-element elementor-element-e91fe74 elementor-widget elementor-widget-image\" data-id=\"e91fe74\" data-element_type=\"widget\" data-e-type=\"widget\" data-widget_type=\"image.default\">\n\t\t\t\t<div class=\"elementor-widget-container\">\n\t\t\t\t\t\t\t\t\t\t\t\t\t\t\t<img decoding=\"async\" width=\"1200\" height=\"800\" src=\"https:\/\/forlunch.pro\/wp-content\/uploads\/tiramisu-169.jpg\" class=\"attachment-large size-large wp-image-213240\" alt=\"Tiramisu. D\u00e9licieux dessert italien sur une assiette blanche avec un brin de menthe.\" srcset=\"https:\/\/forlunch.pro\/wp-content\/uploads\/tiramisu-169.jpg 1200w, https:\/\/forlunch.pro\/wp-content\/uploads\/tiramisu-169-768x512.jpg 768w, https:\/\/forlunch.pro\/wp-content\/uploads\/tiramisu-169-600x400.jpg 600w\" sizes=\"(max-width: 1200px) 100vw, 1200px\" title=\"\">\t\t\t\t\t\t\t\t\t\t\t\t\t\t\t<\/div>\n\t\t\t\t<\/div>\n\t\t\t\t<div class=\"elementor-element elementor-element-6fbacb0 elementor-widget elementor-widget-heading\" data-id=\"6fbacb0\" data-element_type=\"widget\" data-e-type=\"widget\" data-widget_type=\"heading.default\">\n\t\t\t\t<div class=\"elementor-widget-container\">\n\t\t\t\t\t<h6 class=\"elementor-heading-title elementor-size-default\">L'Assiette<\/h6>\t\t\t\t<\/div>\n\t\t\t\t<\/div>\n\t\t\t\t<div class=\"elementor-element elementor-element-e1b1bc3 elementor-widget elementor-widget-text-editor\" data-id=\"e1b1bc3\" data-element_type=\"widget\" data-e-type=\"widget\" data-widget_type=\"text-editor.default\">\n\t\t\t\t<div class=\"elementor-widget-container\">\n\t\t\t\t\t\t\t\t\t<p>Des classiques nostalgiques et des bols r\u00e9confortants avec une touche plus saine. Des \u00e9tapes claires et des astuces pour pr\u00e9parer \u00e0 l&rsquo;avance. <\/p>\n<p>Sans oublier,<strong> LES DESSERTS<\/strong> !<\/p>\t\t\t\t\t\t\t\t<\/div>\n\t\t\t\t<\/div>\n\t\t\t\t<\/div>\n\t\t<div class=\"elementor-element elementor-element-f14a944 e-con-full e-flex elementor-invisible e-con e-child\" data-id=\"f14a944\" data-element_type=\"container\" data-e-type=\"container\" data-settings=\"{&quot;animation&quot;:&quot;fadeInLeft&quot;}\">\n\t\t\t\t<div class=\"elementor-element elementor-element-ba8f11e elementor-widget elementor-widget-image\" data-id=\"ba8f11e\" data-element_type=\"widget\" data-e-type=\"widget\" data-widget_type=\"image.default\">\n\t\t\t\t<div class=\"elementor-widget-container\">\n\t\t\t\t\t\t\t\t\t\t\t\t\t\t\t<img decoding=\"async\" width=\"1200\" height=\"800\" src=\"https:\/\/forlunch.pro\/wp-content\/uploads\/A-group-of-business-people-having-linch-at-a-restaurant.webp\" class=\"attachment-large size-large wp-image-213241\" alt=\"Un groupe de gens d&#039;affaires d\u00e9jeunant au restaurant.\" srcset=\"https:\/\/forlunch.pro\/wp-content\/uploads\/A-group-of-business-people-having-linch-at-a-restaurant.webp 1200w, https:\/\/forlunch.pro\/wp-content\/uploads\/A-group-of-business-people-having-linch-at-a-restaurant-768x512.webp 768w, https:\/\/forlunch.pro\/wp-content\/uploads\/A-group-of-business-people-having-linch-at-a-restaurant-600x400.webp 600w\" sizes=\"(max-width: 1200px) 100vw, 1200px\" title=\"\">\t\t\t\t\t\t\t\t\t\t\t\t\t\t\t<\/div>\n\t\t\t\t<\/div>\n\t\t\t\t<div class=\"elementor-element elementor-element-f471f7e elementor-widget elementor-widget-heading\" data-id=\"f471f7e\" data-element_type=\"widget\" data-e-type=\"widget\" data-widget_type=\"heading.default\">\n\t\t\t\t<div class=\"elementor-widget-container\">\n\t\t\t\t\t<h6 class=\"elementor-heading-title elementor-size-default\">Le Style de Vie et la Gestion<\/h6>\t\t\t\t<\/div>\n\t\t\t\t<\/div>\n\t\t\t\t<div class=\"elementor-element elementor-element-2a8f2c7 elementor-widget elementor-widget-text-editor\" data-id=\"2a8f2c7\" data-element_type=\"widget\" data-e-type=\"widget\" data-widget_type=\"text-editor.default\">\n\t\t\t\t<div class=\"elementor-widget-container\">\n\t\t\t\t\t\t\t\t\t<p>Des strat\u00e9gies pour reprendre votre pause, g\u00e9rer des \u00e9quipes hybrides pendant les heures de repas et remonter le moral \u00e0 distance.<\/p>\t\t\t\t\t\t\t\t<\/div>\n\t\t\t\t<\/div>\n\t\t\t\t<\/div>\n\t\t<div class=\"elementor-element elementor-element-2cd0c7c e-con-full e-flex elementor-invisible e-con e-child\" data-id=\"2cd0c7c\" data-element_type=\"container\" data-e-type=\"container\" data-settings=\"{&quot;animation&quot;:&quot;fadeInLeft&quot;}\">\n\t\t\t\t<div class=\"elementor-element elementor-element-3dae50a elementor-widget elementor-widget-image\" data-id=\"3dae50a\" data-element_type=\"widget\" data-e-type=\"widget\" data-widget_type=\"image.default\">\n\t\t\t\t<div class=\"elementor-widget-container\">\n\t\t\t\t\t\t\t\t\t\t\t\t\t\t\t<img loading=\"lazy\" decoding=\"async\" width=\"1200\" height=\"636\" src=\"https:\/\/forlunch.pro\/wp-content\/uploads\/Kitchen-Equipment.webp\" class=\"attachment-large size-large wp-image-213242\" alt=\"Cuisine moderne violette et blanche avec un assortiment d&#039;\u00e9quipements de cuisine.\" srcset=\"https:\/\/forlunch.pro\/wp-content\/uploads\/Kitchen-Equipment.webp 1200w, https:\/\/forlunch.pro\/wp-content\/uploads\/Kitchen-Equipment-768x407.webp 768w, https:\/\/forlunch.pro\/wp-content\/uploads\/Kitchen-Equipment-600x318.webp 600w\" sizes=\"(max-width: 1200px) 100vw, 1200px\" title=\"\">\t\t\t\t\t\t\t\t\t\t\t\t\t\t\t<\/div>\n\t\t\t\t<\/div>\n\t\t\t\t<div class=\"elementor-element elementor-element-b3f2832 elementor-widget elementor-widget-heading\" data-id=\"b3f2832\" data-element_type=\"widget\" data-e-type=\"widget\" data-widget_type=\"heading.default\">\n\t\t\t\t<div class=\"elementor-widget-container\">\n\t\t\t\t\t<h6 class=\"elementor-heading-title elementor-size-default\">L'\u00c9quipement<\/h6>\t\t\t\t<\/div>\n\t\t\t\t<\/div>\n\t\t\t\t<div class=\"elementor-element elementor-element-cb8ab6f elementor-widget elementor-widget-text-editor\" data-id=\"cb8ab6f\" data-element_type=\"widget\" data-e-type=\"widget\" data-widget_type=\"text-editor.default\">\n\t\t\t\t<div class=\"elementor-widget-container\">\n\t\t\t\t\t\t\t\t\t<p>Des avis honn\u00eates sur les bo\u00eetes bento, les sacs isothermes et les outils de cuisine pour que vous sachiez exactement ce qui vaut votre argent.<\/p>\t\t\t\t\t\t\t\t<\/div>\n\t\t\t\t<\/div>\n\t\t\t\t<\/div>\n\t\t\t\t\t<\/div>\n\t\t\t\t<\/div>\n\t\t\t\t<\/div>\n\t\t","protected":false},"excerpt":{"rendered":"<p>Des souvenirs nostalgiques des restaurants montr\u00e9alais aux strat\u00e9gies modernes pour les \u00e9quipes hybrides, Jon Simon partage l&rsquo;histoire du Pro du D\u00e9jeuner. D\u00e9couvrez comment nous transformons la pause de midi avec des plats r\u00e9confortants plus sains, des conseils de gestion pour le t\u00e9l\u00e9travail et une mission pour briser la solitude du d\u00eener. <\/p>\n","protected":false},"author":2,"featured_media":213239,"parent":0,"menu_order":0,"comment_status":"closed","ping_status":"closed","template":"","meta":{"wprm-recipe-roundup-name":"","wprm-recipe-roundup-description":"","iawp_total_views":12,"footnotes":""},"class_list":["post-213348","page","type-page","status-publish","has-post-thumbnail","hentry"],"_links":{"self":[{"href":"https:\/\/forlunch.pro\/fr\/wp-json\/wp\/v2\/pages\/213348","targetHints":{"allow":["GET"]}}],"collection":[{"href":"https:\/\/forlunch.pro\/fr\/wp-json\/wp\/v2\/pages"}],"about":[{"href":"https:\/\/forlunch.pro\/fr\/wp-json\/wp\/v2\/types\/page"}],"author":[{"embeddable":true,"href":"https:\/\/forlunch.pro\/fr\/wp-json\/wp\/v2\/users\/2"}],"replies":[{"embeddable":true,"href":"https:\/\/forlunch.pro\/fr\/wp-json\/wp\/v2\/comments?post=213348"}],"version-history":[{"count":3,"href":"https:\/\/forlunch.pro\/fr\/wp-json\/wp\/v2\/pages\/213348\/revisions"}],"predecessor-version":[{"id":222937,"href":"https:\/\/forlunch.pro\/fr\/wp-json\/wp\/v2\/pages\/213348\/revisions\/222937"}],"wp:featuredmedia":[{"embeddable":true,"href":"https:\/\/forlunch.pro\/fr\/wp-json\/wp\/v2\/media\/213239"}],"wp:attachment":[{"href":"https:\/\/forlunch.pro\/fr\/wp-json\/wp\/v2\/media?parent=213348"}],"curies":[{"name":"wp","href":"https:\/\/api.w.org\/{rel}","templated":true}]}}